{"id":2081,"date":"2025-03-15T16:23:11","date_gmt":"2025-03-15T13:23:11","guid":{"rendered":"https:\/\/www.kemindemarit.fi\/?page_id=2081"},"modified":"2025-03-16T10:26:24","modified_gmt":"2025-03-16T07:26:24","slug":"2081-2","status":"publish","type":"page","link":"https:\/\/www.kemindemarit.fi\/?page_id=2081","title":{"rendered":"Kemin valoisa tulevaisuus"},"content":{"rendered":"<hr>\n<div class=\"otsikko\">Kemiss\u00e4 valoisa tulevaisuus<\/div>\n<div class=\"artikkeli\">SDP panostaa asukkaiden hyvinvointiin, kaupungin elinvoimaan ja ymp\u00e4rist\u00f6\u00f6n<\/div>\n<hr>\n<div class=\"w770\">\n<div class=\"kuva_kesk\">\n<img decoding=\"async\" src=\"https:\/\/www.kemindemarit.fi\/wp-content\/uploads\/2025\/03\/SDP_Teltta.jpeg\" class=\"jasen_kuvat\">\n<\/div>\n<div class=\"kuva_teksti\">Kemin Demarit luottaa valoisaan tulevaisuuteen. SDP lupaa panostaa Kemin asukkaiden hyvinvointiin, kaupungin elinvoimaan ja ymp\u00e4rist\u00f6\u00f6n. Puolue t\u00e4ht\u00e4\u00e4 aina eteenp\u00e4in.\n<\/div>\n<hr>\n<hr>\n<div class=\"w770\">\n<div class=\"art_teksti\">\n<div class=\"kuva_oikea\"><img decoding=\"async\" src=\"https:\/\/www.kemindemarit.fi\/wp-content\/uploads\/2025\/03\/ehdokkaat_1.png\"><\/div>\n<p>Kemin Demareiden pitk\u00e4n ajan t\u00e4ht\u00e4in on 2030-luvulla. Jotta Kemi saisi pidetty\u00e4 asukkaansa tulee sen vahvistaa pito- ja vetovoimatekij\u00f6it\u00e4. Esimerkiksi Veitsiluodon alue pit\u00e4\u00e4 k\u00e4\u00e4nt\u00e4\u00e4 positiiviseksi mahdollisuudeksi.<\/p>\n<p>Kemiin t\u00e4ytyy saada enemm\u00e4n investointeja ja kaavoituksia pit\u00e4\u00e4 saada helpommin tehty\u00e4. Kaupanalaa pit\u00e4\u00e4 tukea ja pk-yritykset saada kasvuun. Kaupungin on teht\u00e4v\u00e4 yhteisty\u00f6t\u00e4 muiden kuntayhteis\u00f6n toimijoiden kuten j\u00e4rjest\u00f6jen, yritysten, seurakuntien, yhteis\u00f6jen ja kuntalaisten kanssa. Esimerkiksi keskustan liiketilojen saatavuutta uusille yrityksille on tehostettava.<\/p>\n<p>Kemin pit\u00e4\u00e4 olla my\u00f6s ymp\u00e4rist\u00f6lt\u00e4\u00e4n houkutteleva. Ymp\u00e4rist\u00f6\u00f6n ja kaupungin yleisilmeeseen pit\u00e4\u00e4 satsata. Luonto on mahdollisuus ja my\u00f6s Kemin keskustaa on kehitett\u00e4v\u00e4 vihre\u00e4\u00e4n suuntaan. Py\u00f6r\u00e4teit\u00e4 ja niiden talvikunnossapitoa on parannettava ja rakennettava py\u00f6r\u00e4ilyverkosto. Joukkoliikenteess\u00e4 taas palvelulinjan jatko on varmistettava.<\/p>\n<\/div>\n<\/div>\n<hr>\n<hr>\n<hr>\n<div class=\"art_teksti\">\n<div class=\"kuva_vasen\"><img decoding=\"async\" src=\"https:\/\/www.kemindemarit.fi\/wp-content\/uploads\/2025\/03\/ehdokkaat_2.png\"><\/div>\n<p>Kemin Demarit pit\u00e4\u00e4 t\u00e4rke\u00e4n\u00e4, ett\u00e4 kovan elinvoiman rinnalla n\u00e4hd\u00e4\u00e4n my\u00f6s kemil\u00e4isten identiteetti\u00e4 vahvistavia pehme\u00e4n elinvoiman tekij\u00f6it\u00e4.<\/p>\n<p>Vapaa-aikana kaupungin asukkailla t\u00e4ytyy olla tarpeeksi harrastusmahdollisuuksia, kuten kulttuuria ja liikuntaa, ja ne pit\u00e4\u00e4 olla helposti saatavissa. Osallisuuden vahvistamiseksi ja tiedonkulun parantamiseksi on t\u00e4rke\u00e4\u00e4 harjoittaa avointa, monikanavaista ja l\u00e4pin\u00e4kyv\u00e4\u00e4 viestint\u00e4\u00e4.<\/p>\n<p>Opiskelupuolella Kemiin on muun muassa luotava et\u00e4opiskelupaikka korkeakouluopintoja suorittaville ja kohtaamispaikka toisen asteen opiskelijoille. Kouluille on lis\u00e4tt\u00e4v\u00e4 nuorisoty\u00f6ntekij\u00f6it\u00e4 ja jokaiselle nuorelle pit\u00e4\u00e4 turvata yksi maksuton harrastus koulup\u00e4iv\u00e4n yhteyteen. T\u00e4rkeint\u00e4 on taata kouluihin laadukas opetus ja riitt\u00e4v\u00e4n pienet ryhm\u00e4koot. My\u00f6s varhaiskasvatuksessa ryhm\u00e4kokojen on oltava riitt\u00e4v\u00e4n pieni\u00e4.<br \/>\nSDP haluaa my\u00f6s selvitt\u00e4\u00e4 Kemiss\u00e4 eri kaupunginosien vahvuudet ja tukea niiden kehitt\u00e4mist\u00e4 yhdess\u00e4 asukkaiden kanssa.<\/p>\n<\/div>\n<hr>\n<hr>\n<hr>\n<div class=\"kuva_kesk_pieni\">\n<img decoding=\"async\" src=\"https:\/\/www.kemindemarit.fi\/wp-content\/uploads\/2025\/03\/Pauli_Maronen.png\" >\n<\/div>\n<hr>\n<hr>\n<hr>\n<div class=\"art_teksti\">\n<div class=\"kuva_vasen\"><img decoding=\"async\" src=\"https:\/\/www.kemindemarit.fi\/wp-content\/uploads\/2025\/03\/ehdokkaat_3.png\"><\/div>\n<p>SDP voitti Kemiss\u00e4 edelliset kunnallisvaalit, ja on todella tyytyv\u00e4inen siihen mit\u00e4 se on saanut vaalikaudella aikaan. 90 prosenttia asioista, joita SDP Kemiss\u00e4 ajoi, ja lupasi, saatiin maaliin.<br \/>\nKemi Areena mahdollistaa kaikenik\u00e4isten liikkumisen terveellisiss\u00e4 ja turvallisissa tiloissa, teatteritoiminta jatkuu yhdistysvetoisena ja ensi kes\u00e4n\u00e4 Sauvosaaren takakent\u00e4lle saadaan tekonurmi. My\u00f6s pitk\u00e4\u00e4n valmistelussa ollut kouluverkko saatiin p\u00e4\u00e4t\u00f6kseen.<br \/>\nKemin Demareilla on erinomaiset suorat yhteydet eduskuntaan ja omaan puoluejohtoon. T\u00e4m\u00e4 helpotti huomattavasti esimerkiksi Sahasaaren tiehen saadun 12 miljoonaa euron lis\u00e4rahaa. Edunvalvonta onkin yksi merkitt\u00e4vi\u00e4 asioita joihin kaupungin pit\u00e4\u00e4 my\u00f6s tulevaisuudessa laittaa voimavaroja.\n<\/p><\/div>\n<hr>\n<hr>\n<hr>\n<div class=\"art_teksti\">\n<div class=\"kuva_oikea\"><img decoding=\"async\" src=\"https:\/\/www.kemindemarit.fi\/wp-content\/uploads\/2025\/03\/ehdokkaat_4.png\"><\/div>\n<p>Yksin mik\u00e4\u00e4n puolue ei tietenk\u00e4\u00e4n p\u00e4\u00e4t\u00f6ksi\u00e4 tee. Kemiss\u00e4 suurimpana puolueena SDP oli kuitenkin vetovastuussa oleva puolue. Ja haluaa olla sit\u00e4 jatkossakin.<br \/>\nSDP:n mielest\u00e4 t\u00e4rke\u00e4\u00e4 on kuitenkin se, ett\u00e4 koko kaupunginvaltuusto saadaan merkitt\u00e4vien asioiden taakse. Silloin kaikki tulevat kuulluksi ja on yhteinen tahtotila hoitaa asioita. Kaikkien kanssa pit\u00e4\u00e4 oppia el\u00e4m\u00e4\u00e4n.<br \/>\nYksinkertaisesti SDP:t\u00e4 kannattaa \u00e4\u00e4nest\u00e4\u00e4 Kemiss\u00e4 siksi, ett\u00e4 se on saanut Kemiss\u00e4 p\u00e4\u00e4t\u00f6ksi\u00e4 aikaan ja sill\u00e4 on positiivinen tulevaisuuden n\u00e4kym\u00e4 kaupungin kehitt\u00e4miseksi. Ja ennen kaikkea selke\u00e4t askelmerkit ja tiekartta sen tekemiseksi.\n<\/p><\/div>\n<\/div>\n","protected":false},"excerpt":{"rendered":"<p>Kemiss\u00e4 valoisa tulevaisuus SD\u2026<\/p>\n<p> <a class=\"continue-reading-link\" href=\"https:\/\/www.kemindemarit.fi\/?page_id=2081\"><span>Jatka lukemista<\/span><i class=\"crycon-right-dir\"><\/i><\/a> <\/p>\n","protected":false},"author":1,"featured_media":0,"parent":0,"menu_order":0,"comment_status":"closed","ping_status":"closed","template":"","meta":{"footnotes":""},"class_list":["post-2081","page","type-page","status-publish","hentry"],"yoast_head":"<!-- This site is optimized with the Yoast SEO plugin v26.8 - https:\/\/yoast.com\/product\/yoast-seo-wordpress\/ -->\n<title>Kemin valoisa tulevaisuus - Kemin Demarit<\/title>\n<meta name=\"robots\" content=\"index, follow, max-snippet:-1, max-image-preview:large, max-video-preview:-1\" \/>\n<link rel=\"canonical\" href=\"https:\/\/www.kemindemarit.fi\/?page_id=2081\" \/>\n<meta property=\"og:locale\" content=\"fi_FI\" \/>\n<meta property=\"og:type\" content=\"article\" \/>\n<meta property=\"og:title\" content=\"Kemin valoisa tulevaisuus - Kemin Demarit\" \/>\n<meta property=\"og:description\" content=\"Kemiss\u00e4 valoisa tulevaisuus SD\u2026 Jatka lukemista\" \/>\n<meta property=\"og:url\" content=\"https:\/\/www.kemindemarit.fi\/?page_id=2081\" \/>\n<meta property=\"og:site_name\" content=\"Kemin Demarit\" \/>\n<meta property=\"article:modified_time\" content=\"2025-03-16T07:26:24+00:00\" \/>\n<meta property=\"og:image\" content=\"https:\/\/www.kemindemarit.fi\/wp-content\/uploads\/2025\/03\/SDP_Teltta.jpeg\" \/>\n<meta name=\"twitter:card\" content=\"summary_large_image\" \/>\n<meta name=\"twitter:label1\" content=\"Arvioitu lukuaika\" \/>\n\t<meta name=\"twitter:data1\" content=\"4 minuuttia\" \/>\n<script type=\"application\/ld+json\" class=\"yoast-schema-graph\">{\"@context\":\"https:\/\/schema.org\",\"@graph\":[{\"@type\":\"WebPage\",\"@id\":\"https:\/\/www.kemindemarit.fi\/?page_id=2081\",\"url\":\"https:\/\/www.kemindemarit.fi\/?page_id=2081\",\"name\":\"Kemin valoisa tulevaisuus - Kemin Demarit\",\"isPartOf\":{\"@id\":\"https:\/\/www.kemindemarit.fi\/#website\"},\"primaryImageOfPage\":{\"@id\":\"https:\/\/www.kemindemarit.fi\/?page_id=2081#primaryimage\"},\"image\":{\"@id\":\"https:\/\/www.kemindemarit.fi\/?page_id=2081#primaryimage\"},\"thumbnailUrl\":\"https:\/\/www.kemindemarit.fi\/wp-content\/uploads\/2025\/03\/SDP_Teltta.jpeg\",\"datePublished\":\"2025-03-15T13:23:11+00:00\",\"dateModified\":\"2025-03-16T07:26:24+00:00\",\"breadcrumb\":{\"@id\":\"https:\/\/www.kemindemarit.fi\/?page_id=2081#breadcrumb\"},\"inLanguage\":\"fi\",\"potentialAction\":[{\"@type\":\"ReadAction\",\"target\":[\"https:\/\/www.kemindemarit.fi\/?page_id=2081\"]}]},{\"@type\":\"ImageObject\",\"inLanguage\":\"fi\",\"@id\":\"https:\/\/www.kemindemarit.fi\/?page_id=2081#primaryimage\",\"url\":\"https:\/\/www.kemindemarit.fi\/wp-content\/uploads\/2025\/03\/SDP_Teltta.jpeg\",\"contentUrl\":\"https:\/\/www.kemindemarit.fi\/wp-content\/uploads\/2025\/03\/SDP_Teltta.jpeg\",\"width\":2048,\"height\":1536},{\"@type\":\"BreadcrumbList\",\"@id\":\"https:\/\/www.kemindemarit.fi\/?page_id=2081#breadcrumb\",\"itemListElement\":[{\"@type\":\"ListItem\",\"position\":1,\"name\":\"Etusivu\",\"item\":\"https:\/\/www.kemindemarit.fi\/\"},{\"@type\":\"ListItem\",\"position\":2,\"name\":\"Kemin valoisa tulevaisuus\"}]},{\"@type\":\"WebSite\",\"@id\":\"https:\/\/www.kemindemarit.fi\/#website\",\"url\":\"https:\/\/www.kemindemarit.fi\/\",\"name\":\"Kemin Demarit\",\"description\":\"\",\"potentialAction\":[{\"@type\":\"SearchAction\",\"target\":{\"@type\":\"EntryPoint\",\"urlTemplate\":\"https:\/\/www.kemindemarit.fi\/?s={search_term_string}\"},\"query-input\":{\"@type\":\"PropertyValueSpecification\",\"valueRequired\":true,\"valueName\":\"search_term_string\"}}],\"inLanguage\":\"fi\"}]}<\/script>\n<!-- \/ Yoast SEO plugin. -->","yoast_head_json":{"title":"Kemin valoisa tulevaisuus - Kemin Demarit","robots":{"index":"index","follow":"follow","max-snippet":"max-snippet:-1","max-image-preview":"max-image-preview:large","max-video-preview":"max-video-preview:-1"},"canonical":"https:\/\/www.kemindemarit.fi\/?page_id=2081","og_locale":"fi_FI","og_type":"article","og_title":"Kemin valoisa tulevaisuus - Kemin Demarit","og_description":"Kemiss\u00e4 valoisa tulevaisuus SD\u2026 Jatka lukemista","og_url":"https:\/\/www.kemindemarit.fi\/?page_id=2081","og_site_name":"Kemin Demarit","article_modified_time":"2025-03-16T07:26:24+00:00","og_image":[{"url":"https:\/\/www.kemindemarit.fi\/wp-content\/uploads\/2025\/03\/SDP_Teltta.jpeg","type":"","width":"","height":""}],"twitter_card":"summary_large_image","twitter_misc":{"Arvioitu lukuaika":"4 minuuttia"},"schema":{"@context":"https:\/\/schema.org","@graph":[{"@type":"WebPage","@id":"https:\/\/www.kemindemarit.fi\/?page_id=2081","url":"https:\/\/www.kemindemarit.fi\/?page_id=2081","name":"Kemin valoisa tulevaisuus - Kemin Demarit","isPartOf":{"@id":"https:\/\/www.kemindemarit.fi\/#website"},"primaryImageOfPage":{"@id":"https:\/\/www.kemindemarit.fi\/?page_id=2081#primaryimage"},"image":{"@id":"https:\/\/www.kemindemarit.fi\/?page_id=2081#primaryimage"},"thumbnailUrl":"https:\/\/www.kemindemarit.fi\/wp-content\/uploads\/2025\/03\/SDP_Teltta.jpeg","datePublished":"2025-03-15T13:23:11+00:00","dateModified":"2025-03-16T07:26:24+00:00","breadcrumb":{"@id":"https:\/\/www.kemindemarit.fi\/?page_id=2081#breadcrumb"},"inLanguage":"fi","potentialAction":[{"@type":"ReadAction","target":["https:\/\/www.kemindemarit.fi\/?page_id=2081"]}]},{"@type":"ImageObject","inLanguage":"fi","@id":"https:\/\/www.kemindemarit.fi\/?page_id=2081#primaryimage","url":"https:\/\/www.kemindemarit.fi\/wp-content\/uploads\/2025\/03\/SDP_Teltta.jpeg","contentUrl":"https:\/\/www.kemindemarit.fi\/wp-content\/uploads\/2025\/03\/SDP_Teltta.jpeg","width":2048,"height":1536},{"@type":"BreadcrumbList","@id":"https:\/\/www.kemindemarit.fi\/?page_id=2081#breadcrumb","itemListElement":[{"@type":"ListItem","position":1,"name":"Etusivu","item":"https:\/\/www.kemindemarit.fi\/"},{"@type":"ListItem","position":2,"name":"Kemin valoisa tulevaisuus"}]},{"@type":"WebSite","@id":"https:\/\/www.kemindemarit.fi\/#website","url":"https:\/\/www.kemindemarit.fi\/","name":"Kemin Demarit","description":"","potentialAction":[{"@type":"SearchAction","target":{"@type":"EntryPoint","urlTemplate":"https:\/\/www.kemindemarit.fi\/?s={search_term_string}"},"query-input":{"@type":"PropertyValueSpecification","valueRequired":true,"valueName":"search_term_string"}}],"inLanguage":"fi"}]}},"_links":{"self":[{"href":"https:\/\/www.kemindemarit.fi\/index.php?rest_route=\/wp\/v2\/pages\/2081","targetHints":{"allow":["GET"]}}],"collection":[{"href":"https:\/\/www.kemindemarit.fi\/index.php?rest_route=\/wp\/v2\/pages"}],"about":[{"href":"https:\/\/www.kemindemarit.fi\/index.php?rest_route=\/wp\/v2\/types\/page"}],"author":[{"embeddable":true,"href":"https:\/\/www.kemindemarit.fi\/index.php?rest_route=\/wp\/v2\/users\/1"}],"replies":[{"embeddable":true,"href":"https:\/\/www.kemindemarit.fi\/index.php?rest_route=%2Fwp%2Fv2%2Fcomments&post=2081"}],"version-history":[{"count":30,"href":"https:\/\/www.kemindemarit.fi\/index.php?rest_route=\/wp\/v2\/pages\/2081\/revisions"}],"predecessor-version":[{"id":2119,"href":"https:\/\/www.kemindemarit.fi\/index.php?rest_route=\/wp\/v2\/pages\/2081\/revisions\/2119"}],"wp:attachment":[{"href":"https:\/\/www.kemindemarit.fi\/index.php?rest_route=%2Fwp%2Fv2%2Fmedia&parent=2081"}],"curies":[{"name":"wp","href":"https:\/\/api.w.org\/{rel}","templated":true}]}}