{"id":1353,"date":"2020-05-18T11:47:49","date_gmt":"2020-05-18T11:47:49","guid":{"rendered":"http:\/\/www.kemindemarit.fi\/?page_id=1353"},"modified":"2025-02-22T15:03:45","modified_gmt":"2025-02-22T12:03:45","slug":"etusivu-uusi","status":"publish","type":"page","link":"https:\/\/www.kemindemarit.fi\/","title":{"rendered":"Etusivu"},"content":{"rendered":"<div class=\"sailio\">\n<div class=\"paapalkki\">\n<div class=\"es_ot_linkki\"><a href=\"https:\/\/www.kemindemarit.fi\/?page_id=1973\"><br \/>\nKemin Kaupungin valtuutetut ja varavaltuutetut 2021-2025<\/a><\/div>\n<p><center><iframe loading=\"lazy\" style=\"border: none; overflow: hidden;\" src=\"https:\/\/www.facebook.com\/plugins\/video.php?href=https%3A%2F%2Fwww.facebook.com%2F100007299738548%2Fvideos%2F2693461320907166%2F&amp;show_text=0&amp;width=560\" width=\"560\" height=\"315\" frameborder=\"0\" scrolling=\"no\" allowfullscreen=\"allowfullscreen\"><\/iframe><\/p>\n<div style=\"text-align: center;\">\n<div class=\"fb-page\" data-href=\"https:\/\/www.facebook.com\/kemindemarit\" data-tabs=\"timeline\" data-width=\"280\" data-height=\"\" data-small-header=\"false\" data-adapt-container-width=\"true\" data-hide-cover=\"false\" data-show-facepile=\"true\">\n<blockquote class=\"fb-xfbml-parse-ignore\" cite=\"https:\/\/www.facebook.com\/kemindemarit\"><p><a href=\"https:\/\/www.facebook.com\/kemindemarit\">Kemin Demarit<\/a><\/p><\/blockquote>\n<\/div>\n<\/div>\n<p><\/center><\/p>\n<\/div>\n<div class=\"sivupalkki\"><a><img decoding=\"async\" src=\"https:\/\/www.kemindemarit.fi\/wp-content\/uploads\/2017\/03\/demokraatti.png\"><\/a><\/p>\n<hr>\n<ul><li><a href=\"https:\/\/demokraatti.fi\/kemin-kaupunginhallitus-kanteli-terveydenhuoltolain-valmistelusta\/\" target=\"_blank\">Kemin kaupunginhallitus kanteli terveydenhuoltolain valmistelusta<\/a><\/li><li><a href=\"https:\/\/demokraatti.fi\/eduskunnassa-luovutettiin-tiukka-kannanotto-kahden-hyvinvointialueen-olemassaolon-nahdaan-olevan-vaarassa\/\" target=\"_blank\">Eduskunnassa luovutettiin tiukka kannanotto: Kahden hyvinvointialueen olemassaolon n\u00e4hd\u00e4\u00e4n olevan vaarassa<\/a><\/li><li><a href=\"https:\/\/demokraatti.fi\/kemille-negatiivisesta-valtionosuudesta-melkein-3-miljoonan-lasku-kuntaministerin-mielesta-ongelma-on-liian-vaikea-ratkaistavaksi\/\" target=\"_blank\">Kemille negatiivisesta valtionosuudesta melkein 3 miljoonan lasku \u2013 kuntaministerin mielest\u00e4 ongelma on liian vaikea ratkaistavaksi<\/a><\/li><li><a href=\"https:\/\/demokraatti.fi\/hallituksen-paatoksella-olisi-vakavia-seurauksia-joita-orpo-ei-ole-osannut-edes-ajatella\/\" target=\"_blank\">\u201dHallituksen p\u00e4\u00e4t\u00f6ksell\u00e4 olisi vakavia seurauksia, joita Orpo ei ole osannut edes ajatella\u201d<\/a><\/li><\/ul>\n<hr>\n<hr style=\"border: 1px solid #cd1232;\" width=\"95%\">\n<hr>\n<p><a class=\"tausta_linkki\" href=\"http:\/\/lappi.sdp.fi\/\" target=\"_blank\" rel=\"noopener noreferrer\">SDP Lapin piiri<\/a><br \/>\n<a class=\"tausta_linkki\" href=\"https:\/\/www.tsl.fi\/\" target=\"_blank\" rel=\"noopener noreferrer\">Ty\u00f6v\u00e4en sivistysliitto<\/a><br \/>\n<a class=\"tausta_linkki\" href=\"https:\/\/demokraatti.fi\/\" target=\"_blank\" rel=\"noopener noreferrer\">Demokraatti.fi<\/a><\/p>\n<\/div>\n<\/div>\n","protected":false},"excerpt":{"rendered":"<p>Kemin Kaupungin valtuutetut ja\u2026<\/p>\n<p> <a class=\"continue-reading-link\" href=\"https:\/\/www.kemindemarit.fi\/\"><span>Jatka lukemista<\/span><i class=\"crycon-right-dir\"><\/i><\/a> <\/p>\n","protected":false},"author":1,"featured_media":0,"parent":0,"menu_order":0,"comment_status":"closed","ping_status":"closed","template":"","meta":{"footnotes":""},"class_list":["post-1353","page","type-page","status-publish","hentry"],"yoast_head":"<!-- This site is optimized with the Yoast SEO plugin v26.8 - https:\/\/yoast.com\/product\/yoast-seo-wordpress\/ -->\n<title>Etusivu - Kemin Demarit<\/title>\n<meta name=\"description\" content=\"Kemin Demareiden viralliset kotisivut\" \/>\n<meta name=\"robots\" content=\"index, follow, max-snippet:-1, max-image-preview:large, max-video-preview:-1\" \/>\n<link rel=\"canonical\" href=\"https:\/\/www.kemindemarit.fi\/\" \/>\n<meta property=\"og:locale\" content=\"fi_FI\" \/>\n<meta property=\"og:type\" content=\"article\" \/>\n<meta property=\"og:title\" content=\"Etusivu - Kemin Demarit\" \/>\n<meta property=\"og:description\" content=\"Kemin Demareiden viralliset kotisivut\" \/>\n<meta property=\"og:url\" content=\"https:\/\/www.kemindemarit.fi\/\" \/>\n<meta property=\"og:site_name\" content=\"Kemin Demarit\" \/>\n<meta property=\"article:modified_time\" content=\"2025-02-22T12:03:45+00:00\" \/>\n<meta property=\"og:image\" content=\"https:\/\/www.kemindemarit.fi\/wp-content\/uploads\/2017\/03\/demokraatti.png\" \/>\n<meta name=\"twitter:card\" content=\"summary_large_image\" \/>\n<meta name=\"twitter:label1\" content=\"Arvioitu lukuaika\" \/>\n\t<meta name=\"twitter:data1\" content=\"1 minuutti\" \/>\n<script type=\"application\/ld+json\" class=\"yoast-schema-graph\">{\"@context\":\"https:\/\/schema.org\",\"@graph\":[{\"@type\":\"WebPage\",\"@id\":\"https:\/\/www.kemindemarit.fi\/\",\"url\":\"https:\/\/www.kemindemarit.fi\/\",\"name\":\"Etusivu - Kemin Demarit\",\"isPartOf\":{\"@id\":\"https:\/\/www.kemindemarit.fi\/#website\"},\"primaryImageOfPage\":{\"@id\":\"https:\/\/www.kemindemarit.fi\/#primaryimage\"},\"image\":{\"@id\":\"https:\/\/www.kemindemarit.fi\/#primaryimage\"},\"thumbnailUrl\":\"https:\/\/www.kemindemarit.fi\/wp-content\/uploads\/2017\/03\/demokraatti.png\",\"datePublished\":\"2020-05-18T11:47:49+00:00\",\"dateModified\":\"2025-02-22T12:03:45+00:00\",\"description\":\"Kemin Demareiden viralliset kotisivut\",\"breadcrumb\":{\"@id\":\"https:\/\/www.kemindemarit.fi\/#breadcrumb\"},\"inLanguage\":\"fi\",\"potentialAction\":[{\"@type\":\"ReadAction\",\"target\":[\"https:\/\/www.kemindemarit.fi\/\"]}]},{\"@type\":\"ImageObject\",\"inLanguage\":\"fi\",\"@id\":\"https:\/\/www.kemindemarit.fi\/#primaryimage\",\"url\":\"https:\/\/www.kemindemarit.fi\/wp-content\/uploads\/2017\/03\/demokraatti.png\",\"contentUrl\":\"https:\/\/www.kemindemarit.fi\/wp-content\/uploads\/2017\/03\/demokraatti.png\",\"width\":148,\"height\":18},{\"@type\":\"BreadcrumbList\",\"@id\":\"https:\/\/www.kemindemarit.fi\/#breadcrumb\",\"itemListElement\":[{\"@type\":\"ListItem\",\"position\":1,\"name\":\"Etusivu\",\"item\":\"https:\/\/www.kemindemarit.fi\/\"},{\"@type\":\"ListItem\",\"position\":2,\"name\":\"Etusivu\"}]},{\"@type\":\"WebSite\",\"@id\":\"https:\/\/www.kemindemarit.fi\/#website\",\"url\":\"https:\/\/www.kemindemarit.fi\/\",\"name\":\"Kemin Demarit\",\"description\":\"\",\"potentialAction\":[{\"@type\":\"SearchAction\",\"target\":{\"@type\":\"EntryPoint\",\"urlTemplate\":\"https:\/\/www.kemindemarit.fi\/?s={search_term_string}\"},\"query-input\":{\"@type\":\"PropertyValueSpecification\",\"valueRequired\":true,\"valueName\":\"search_term_string\"}}],\"inLanguage\":\"fi\"}]}<\/script>\n<!-- \/ Yoast SEO plugin. -->","yoast_head_json":{"title":"Etusivu - Kemin Demarit","description":"Kemin Demareiden viralliset kotisivut","robots":{"index":"index","follow":"follow","max-snippet":"max-snippet:-1","max-image-preview":"max-image-preview:large","max-video-preview":"max-video-preview:-1"},"canonical":"https:\/\/www.kemindemarit.fi\/","og_locale":"fi_FI","og_type":"article","og_title":"Etusivu - Kemin Demarit","og_description":"Kemin Demareiden viralliset kotisivut","og_url":"https:\/\/www.kemindemarit.fi\/","og_site_name":"Kemin Demarit","article_modified_time":"2025-02-22T12:03:45+00:00","og_image":[{"url":"https:\/\/www.kemindemarit.fi\/wp-content\/uploads\/2017\/03\/demokraatti.png","type":"","width":"","height":""}],"twitter_card":"summary_large_image","twitter_misc":{"Arvioitu lukuaika":"1 minuutti"},"schema":{"@context":"https:\/\/schema.org","@graph":[{"@type":"WebPage","@id":"https:\/\/www.kemindemarit.fi\/","url":"https:\/\/www.kemindemarit.fi\/","name":"Etusivu - Kemin Demarit","isPartOf":{"@id":"https:\/\/www.kemindemarit.fi\/#website"},"primaryImageOfPage":{"@id":"https:\/\/www.kemindemarit.fi\/#primaryimage"},"image":{"@id":"https:\/\/www.kemindemarit.fi\/#primaryimage"},"thumbnailUrl":"https:\/\/www.kemindemarit.fi\/wp-content\/uploads\/2017\/03\/demokraatti.png","datePublished":"2020-05-18T11:47:49+00:00","dateModified":"2025-02-22T12:03:45+00:00","description":"Kemin Demareiden viralliset kotisivut","breadcrumb":{"@id":"https:\/\/www.kemindemarit.fi\/#breadcrumb"},"inLanguage":"fi","potentialAction":[{"@type":"ReadAction","target":["https:\/\/www.kemindemarit.fi\/"]}]},{"@type":"ImageObject","inLanguage":"fi","@id":"https:\/\/www.kemindemarit.fi\/#primaryimage","url":"https:\/\/www.kemindemarit.fi\/wp-content\/uploads\/2017\/03\/demokraatti.png","contentUrl":"https:\/\/www.kemindemarit.fi\/wp-content\/uploads\/2017\/03\/demokraatti.png","width":148,"height":18},{"@type":"BreadcrumbList","@id":"https:\/\/www.kemindemarit.fi\/#breadcrumb","itemListElement":[{"@type":"ListItem","position":1,"name":"Etusivu","item":"https:\/\/www.kemindemarit.fi\/"},{"@type":"ListItem","position":2,"name":"Etusivu"}]},{"@type":"WebSite","@id":"https:\/\/www.kemindemarit.fi\/#website","url":"https:\/\/www.kemindemarit.fi\/","name":"Kemin Demarit","description":"","potentialAction":[{"@type":"SearchAction","target":{"@type":"EntryPoint","urlTemplate":"https:\/\/www.kemindemarit.fi\/?s={search_term_string}"},"query-input":{"@type":"PropertyValueSpecification","valueRequired":true,"valueName":"search_term_string"}}],"inLanguage":"fi"}]}},"_links":{"self":[{"href":"https:\/\/www.kemindemarit.fi\/index.php?rest_route=\/wp\/v2\/pages\/1353","targetHints":{"allow":["GET"]}}],"collection":[{"href":"https:\/\/www.kemindemarit.fi\/index.php?rest_route=\/wp\/v2\/pages"}],"about":[{"href":"https:\/\/www.kemindemarit.fi\/index.php?rest_route=\/wp\/v2\/types\/page"}],"author":[{"embeddable":true,"href":"https:\/\/www.kemindemarit.fi\/index.php?rest_route=\/wp\/v2\/users\/1"}],"replies":[{"embeddable":true,"href":"https:\/\/www.kemindemarit.fi\/index.php?rest_route=%2Fwp%2Fv2%2Fcomments&post=1353"}],"version-history":[{"count":62,"href":"https:\/\/www.kemindemarit.fi\/index.php?rest_route=\/wp\/v2\/pages\/1353\/revisions"}],"predecessor-version":[{"id":2039,"href":"https:\/\/www.kemindemarit.fi\/index.php?rest_route=\/wp\/v2\/pages\/1353\/revisions\/2039"}],"wp:attachment":[{"href":"https:\/\/www.kemindemarit.fi\/index.php?rest_route=%2Fwp%2Fv2%2Fmedia&parent=1353"}],"curies":[{"name":"wp","href":"https:\/\/api.w.org\/{rel}","templated":true}]}}